{"id":391,"date":"2013-08-26T16:27:26","date_gmt":"2013-08-26T14:27:26","guid":{"rendered":"http:\/\/farbenengel.de\/?page_id=391"},"modified":"2013-08-26T16:27:26","modified_gmt":"2013-08-26T14:27:26","slug":"illusionsmalerei-hagenbeck-im-pflegeheim","status":"publish","type":"page","link":"https:\/\/farbenengel.de\/index.php\/projekte-illusionsmalerei-glasmalerei\/illusionsmalerei-hagenbeck-im-pflegeheim\/","title":{"rendered":"Hagenbeck &#8211; Illusionsmalerei im Pflegeheim"},"content":{"rendered":"<p>Hier wurde vom Kunden ein Hagenbeckbild gew\u00fcnscht, gemischt mit Hamburger Wahrzeichen.<\/p>\n<p>Es war eine sch\u00f6ne Malzeit in diesem Haus, die Bewohner haben das Bild vor Ort wachsen sehen, von Ihren Erinnerungen erz\u00e4hlt und W\u00fcnsche ge\u00e4u\u00dfert. Vielen Dank daf\u00fcr!<\/p>\n<p>Das Making-of dieser Illusionsmalerei:<\/p>\n\r\n\t<div class=\"slideshow_container slideshow_container_style-light\" style=\"height: 400px; \" data-slideshow-id=\"390\" data-style-name=\"style-light\" data-style-version=\"2.3.1\" >\r\n\r\n\t\t\t\t\t<div class=\"slideshow_loading_icon\"><\/div>\r\n\t\t\r\n\t\t<div class=\"slideshow_content\" style=\"display: none;\">\r\n\r\n\t\t\t<div class=\"slideshow_view\">\r\n\t\t\t\t<div class=\"slideshow_slide slideshow_slide_image\">\r\n\t\t\t\t\t\t\t\t\t\t\t<img src=\"https:\/\/farbenengel.de\/wp-content\/uploads\/2013\/08\/Hagenbeck-in-Arbeit.jpg\" alt=\"Hagenbeck-in-Arbeit\" width=\"667\" height=\"500\" \/>\r\n\t\t\t\t\t\t\t\t\t\t<div class=\"slideshow_description_box slideshow_transparent\">\r\n\t\t\t\t\t\t<div class=\"slideshow_title\">Hagenbeck-in-Arbeit<\/div>\t\t\t\t\t\t\t\t\t\t\t<\/div>\r\n\t\t\t\t<\/div>\r\n\r\n\t\t\t\t\t\t<div style=\"clear: both;\"><\/div><\/div><div class=\"slideshow_view\">\r\n\t\t\t\t<div class=\"slideshow_slide slideshow_slide_image\">\r\n\t\t\t\t\t\t\t\t\t\t\t<img src=\"https:\/\/farbenengel.de\/wp-content\/uploads\/2013\/08\/Hagenbeck-nimmt-Gestalt-an.jpg\" alt=\"Hagenbeck-nimmt-Gestalt-an\" width=\"667\" height=\"500\" \/>\r\n\t\t\t\t\t\t\t\t\t\t<div class=\"slideshow_description_box slideshow_transparent\">\r\n\t\t\t\t\t\t<div class=\"slideshow_title\">Hagenbeck-nimmt-Gestalt-an<\/div>\t\t\t\t\t\t\t\t\t\t\t<\/div>\r\n\t\t\t\t<\/div>\r\n\r\n\t\t\t\t\t\t<div style=\"clear: both;\"><\/div><\/div><div class=\"slideshow_view\">\r\n\t\t\t\t<div class=\"slideshow_slide slideshow_slide_image\">\r\n\t\t\t\t\t\t\t\t\t\t\t<img src=\"https:\/\/farbenengel.de\/wp-content\/uploads\/2013\/08\/Hagenbeck-in-Arbeit2.jpg\" alt=\"Hagenbeck-in-Arbeit2\" width=\"667\" height=\"500\" \/>\r\n\t\t\t\t\t\t\t\t\t\t<div class=\"slideshow_description_box slideshow_transparent\">\r\n\t\t\t\t\t\t<div class=\"slideshow_title\">Hagenbeck-in-Arbeit2<\/div>\t\t\t\t\t\t\t\t\t\t\t<\/div>\r\n\t\t\t\t<\/div>\r\n\r\n\t\t\t\t\t\t<div style=\"clear: both;\"><\/div><\/div><div class=\"slideshow_view\">\r\n\t\t\t\t<div class=\"slideshow_slide slideshow_slide_image\">\r\n\t\t\t\t\t\t\t\t\t\t\t<img src=\"https:\/\/farbenengel.de\/wp-content\/uploads\/2013\/08\/HagenbeckletztesBild.jpg\" alt=\"HagenbeckletztesBild\" width=\"667\" height=\"500\" \/>\r\n\t\t\t\t\t\t\t\t\t\t<div class=\"slideshow_description_box slideshow_transparent\">\r\n\t\t\t\t\t\t<div class=\"slideshow_title\">HagenbeckletztesBild<\/div>\t\t\t\t\t\t\t\t\t\t\t<\/div>\r\n\t\t\t\t<\/div>\r\n\r\n\t\t\t\t\t\t<div style=\"clear: both;\"><\/div><\/div>\r\n\t\t<\/div>\r\n\r\n\t\t<div class=\"slideshow_controlPanel slideshow_transparent\" style=\"display: none;\"><ul><li class=\"slideshow_togglePlay\" data-play-text=\"Abspielen\" data-pause-text=\"Pause\"><\/li><\/ul><\/div>\r\n\r\n\t\t<div class=\"slideshow_button slideshow_previous slideshow_transparent\" role=\"button\" data-previous-text=\"Zur\u00fcck\" style=\"display: none;\"><\/div>\r\n\t\t<div class=\"slideshow_button slideshow_next slideshow_transparent\" role=\"button\" data-next-text=\"N\u00e4chstes\" style=\"display: none;\"><\/div>\r\n\r\n\t\t<div class=\"slideshow_pagination\" style=\"display: none;\" data-go-to-text=\"Gehe zum Bild\"><div class=\"slideshow_pagination_center\"><\/div><\/div>\r\n\r\n\t\t<!-- WordPress Slideshow Version 2.3.1 -->\r\n\r\n\t\t\t<\/div>\r\n\r\n\n","protected":false},"excerpt":{"rendered":"<p>Hier wurde vom Kunden ein Hagenbeckbild gew\u00fcnscht, gemischt mit Hamburger Wahrzeichen. Es war eine sch\u00f6ne Malzeit in diesem Haus, die Bewohner haben das Bild vor Ort wachsen sehen, von Ihren Erinnerungen erz\u00e4hlt und W\u00fcnsche ge\u00e4u\u00dfert. Vielen Dank daf\u00fcr! Das Making-of &hellip; <a href=\"https:\/\/farbenengel.de\/index.php\/projekte-illusionsmalerei-glasmalerei\/illusionsmalerei-hagenbeck-im-pflegeheim\/\">Weiterlesen <span class=\"meta-nav\">&rarr;<\/span><\/a><\/p>\n","protected":false},"author":1,"featured_media":0,"parent":112,"menu_order":0,"comment_status":"closed","ping_status":"open","template":"","meta":{"footnotes":""},"class_list":["post-391","page","type-page","status-publish","hentry"],"_links":{"self":[{"href":"https:\/\/farbenengel.de\/index.php\/wp-json\/wp\/v2\/pages\/391","targetHints":{"allow":["GET"]}}],"collection":[{"href":"https:\/\/farbenengel.de\/index.php\/wp-json\/wp\/v2\/pages"}],"about":[{"href":"https:\/\/farbenengel.de\/index.php\/wp-json\/wp\/v2\/types\/page"}],"author":[{"embeddable":true,"href":"https:\/\/farbenengel.de\/index.php\/wp-json\/wp\/v2\/users\/1"}],"replies":[{"embeddable":true,"href":"https:\/\/farbenengel.de\/index.php\/wp-json\/wp\/v2\/comments?post=391"}],"version-history":[{"count":0,"href":"https:\/\/farbenengel.de\/index.php\/wp-json\/wp\/v2\/pages\/391\/revisions"}],"up":[{"embeddable":true,"href":"https:\/\/farbenengel.de\/index.php\/wp-json\/wp\/v2\/pages\/112"}],"wp:attachment":[{"href":"https:\/\/farbenengel.de\/index.php\/wp-json\/wp\/v2\/media?parent=391"}],"curies":[{"name":"wp","href":"https:\/\/api.w.org\/{rel}","templated":true}]}}