{"id":150,"date":"2013-08-14T11:25:07","date_gmt":"2013-08-14T09:25:07","guid":{"rendered":"http:\/\/farbenengel.de\/?page_id=150"},"modified":"2025-03-06T21:35:51","modified_gmt":"2025-03-06T20:35:51","slug":"seminare-3","status":"publish","type":"page","link":"https:\/\/farbenengel.de\/index.php\/seminare-3\/","title":{"rendered":"Seminare"},"content":{"rendered":"<h2><a href=\"http:\/\/farbenengel.de\/wp-content\/uploads\/2013\/08\/palette-3.jpg\"><img loading=\"lazy\" decoding=\"async\" class=\"wp-image-154 alignright\" style=\"border: 0px none;\" src=\"http:\/\/farbenengel.de\/wp-content\/uploads\/2013\/08\/palette-3.jpg\" alt=\"Palette\" width=\"300\" height=\"214\" \/><\/a><\/h2>\n<blockquote><p>Immer wieder wurde ich gefragt, ob ich mein Wissen und die langj\u00e4hrigen Erfahrungen weitergeben m\u00f6chte.<\/p>\n<p>F\u00fcr interessierte Amateure, gewerbliche K\u00fcnstler, Maler und Gestalter, die ihr professionelles Angebot mit diesen Techniken erweitern wollen, biete ich kundenorientierte Seminare an.<\/p><\/blockquote>\n<p>Wir bieten unterschiedliche Seminare f\u00fcr Erwachsene an.<br \/>\nHier einmal ein paar Bilder:<br \/>\n\r\n\t<div class=\"slideshow_container slideshow_container_style-light\" style=\"height: 250px; \" data-slideshow-id=\"1978\" data-style-name=\"style-light\" data-style-version=\"2.3.1\" >\r\n\r\n\t\t\t\t\t<div class=\"slideshow_loading_icon\"><\/div>\r\n\t\t\r\n\t\t<div class=\"slideshow_content\" style=\"display: none;\">\r\n\r\n\t\t\t<div class=\"slideshow_view\">\r\n\t\t\t\t<div class=\"slideshow_slide slideshow_slide_image\">\r\n\t\t\t\t\t\t\t\t\t\t\t<img src=\"https:\/\/farbenengel.de\/wp-content\/uploads\/2016\/08\/Seminare ErwachseneSeminar 1 bild1.JPG\" alt=\"Seminare ErwachseneSeminar 1 bild1\" width=\"3264\" height=\"2448\" \/>\r\n\t\t\t\t\t\t\t\t\t\t<div class=\"slideshow_description_box slideshow_transparent\">\r\n\t\t\t\t\t\t<div class=\"slideshow_title\">Seminare ErwachseneSeminar 1 bild1<\/div>\t\t\t\t\t\t\t\t\t\t\t<\/div>\r\n\t\t\t\t<\/div>\r\n\r\n\t\t\t\t\t\t<div style=\"clear: both;\"><\/div><\/div><div class=\"slideshow_view\">\r\n\t\t\t\t<div class=\"slideshow_slide slideshow_slide_image\">\r\n\t\t\t\t\t\t\t\t\t\t\t<img src=\"https:\/\/farbenengel.de\/wp-content\/uploads\/2016\/08\/Seminare ErwachseneSeminar 1 bild10.JPG\" alt=\"Seminare ErwachseneSeminar 1 bild10\" width=\"1879\" height=\"2921\" \/>\r\n\t\t\t\t\t\t\t\t\t\t<div class=\"slideshow_description_box slideshow_transparent\">\r\n\t\t\t\t\t\t<div class=\"slideshow_title\">Seminare ErwachseneSeminar 1 bild10<\/div>\t\t\t\t\t\t\t\t\t\t\t<\/div>\r\n\t\t\t\t<\/div>\r\n\r\n\t\t\t\t\t\t<div style=\"clear: both;\"><\/div><\/div><div class=\"slideshow_view\">\r\n\t\t\t\t<div class=\"slideshow_slide slideshow_slide_image\">\r\n\t\t\t\t\t\t\t\t\t\t\t<img src=\"https:\/\/farbenengel.de\/wp-content\/uploads\/2016\/08\/Seminare ErwachseneSeminar 1 bild11.JPG\" alt=\"Seminare ErwachseneSeminar 1 bild11\" width=\"3072\" height=\"2304\" \/>\r\n\t\t\t\t\t\t\t\t\t\t<div class=\"slideshow_description_box slideshow_transparent\">\r\n\t\t\t\t\t\t<div class=\"slideshow_title\">Seminare ErwachseneSeminar 1 bild11<\/div>\t\t\t\t\t\t\t\t\t\t\t<\/div>\r\n\t\t\t\t<\/div>\r\n\r\n\t\t\t\t\t\t<div style=\"clear: both;\"><\/div><\/div><div class=\"slideshow_view\">\r\n\t\t\t\t<div class=\"slideshow_slide slideshow_slide_image\">\r\n\t\t\t\t\t\t\t\t\t\t\t<img src=\"https:\/\/farbenengel.de\/wp-content\/uploads\/2016\/08\/Seminare ErwachseneSeminar 1 bild12.JPG\" alt=\"Seminare ErwachseneSeminar 1 bild12\" width=\"3072\" height=\"2304\" \/>\r\n\t\t\t\t\t\t\t\t\t\t<div class=\"slideshow_description_box slideshow_transparent\">\r\n\t\t\t\t\t\t<div class=\"slideshow_title\">Seminare ErwachseneSeminar 1 bild12<\/div>\t\t\t\t\t\t\t\t\t\t\t<\/div>\r\n\t\t\t\t<\/div>\r\n\r\n\t\t\t\t\t\t<div style=\"clear: both;\"><\/div><\/div><div class=\"slideshow_view\">\r\n\t\t\t\t<div class=\"slideshow_slide slideshow_slide_image\">\r\n\t\t\t\t\t\t\t\t\t\t\t<img src=\"https:\/\/farbenengel.de\/wp-content\/uploads\/2016\/08\/Seminare ErwachseneSeminar 1 bild13.JPG\" alt=\"Seminare ErwachseneSeminar 1 bild13\" width=\"1892\" height=\"1923\" \/>\r\n\t\t\t\t\t\t\t\t\t\t<div class=\"slideshow_description_box slideshow_transparent\">\r\n\t\t\t\t\t\t<div class=\"slideshow_title\">Seminare ErwachseneSeminar 1 bild13<\/div>\t\t\t\t\t\t\t\t\t\t\t<\/div>\r\n\t\t\t\t<\/div>\r\n\r\n\t\t\t\t\t\t<div style=\"clear: both;\"><\/div><\/div><div class=\"slideshow_view\">\r\n\t\t\t\t<div class=\"slideshow_slide slideshow_slide_image\">\r\n\t\t\t\t\t\t\t\t\t\t\t<img src=\"https:\/\/farbenengel.de\/wp-content\/uploads\/2016\/08\/Seminare ErwachseneSeminar 1 bild2.JPG\" alt=\"Seminare ErwachseneSeminar 1 bild2\" width=\"3264\" height=\"2448\" \/>\r\n\t\t\t\t\t\t\t\t\t\t<div class=\"slideshow_description_box slideshow_transparent\">\r\n\t\t\t\t\t\t<div class=\"slideshow_title\">Seminare ErwachseneSeminar 1 bild2<\/div>\t\t\t\t\t\t\t\t\t\t\t<\/div>\r\n\t\t\t\t<\/div>\r\n\r\n\t\t\t\t\t\t<div style=\"clear: both;\"><\/div><\/div><div class=\"slideshow_view\">\r\n\t\t\t\t<div class=\"slideshow_slide slideshow_slide_image\">\r\n\t\t\t\t\t\t\t\t\t\t\t<img src=\"https:\/\/farbenengel.de\/wp-content\/uploads\/2016\/08\/Seminare ErwachseneSeminar 1 bild3.JPG\" alt=\"Seminare ErwachseneSeminar 1 bild3\" width=\"3264\" height=\"2448\" \/>\r\n\t\t\t\t\t\t\t\t\t\t<div class=\"slideshow_description_box slideshow_transparent\">\r\n\t\t\t\t\t\t<div class=\"slideshow_title\">Seminare ErwachseneSeminar 1 bild3<\/div>\t\t\t\t\t\t\t\t\t\t\t<\/div>\r\n\t\t\t\t<\/div>\r\n\r\n\t\t\t\t\t\t<div style=\"clear: both;\"><\/div><\/div><div class=\"slideshow_view\">\r\n\t\t\t\t<div class=\"slideshow_slide slideshow_slide_image\">\r\n\t\t\t\t\t\t\t\t\t\t\t<img src=\"https:\/\/farbenengel.de\/wp-content\/uploads\/2016\/08\/Seminare ErwachseneSeminar 1 bild4.JPG\" alt=\"Seminare ErwachseneSeminar 1 bild4\" width=\"3264\" height=\"2448\" \/>\r\n\t\t\t\t\t\t\t\t\t\t<div class=\"slideshow_description_box slideshow_transparent\">\r\n\t\t\t\t\t\t<div class=\"slideshow_title\">Seminare ErwachseneSeminar 1 bild4<\/div>\t\t\t\t\t\t\t\t\t\t\t<\/div>\r\n\t\t\t\t<\/div>\r\n\r\n\t\t\t\t\t\t<div style=\"clear: both;\"><\/div><\/div><div class=\"slideshow_view\">\r\n\t\t\t\t<div class=\"slideshow_slide slideshow_slide_image\">\r\n\t\t\t\t\t\t\t\t\t\t\t<img src=\"https:\/\/farbenengel.de\/wp-content\/uploads\/2016\/08\/Seminare ErwachseneSeminar 1 bild5.JPG\" alt=\"Seminare ErwachseneSeminar 1 bild5\" width=\"3264\" height=\"2448\" \/>\r\n\t\t\t\t\t\t\t\t\t\t<div class=\"slideshow_description_box slideshow_transparent\">\r\n\t\t\t\t\t\t<div class=\"slideshow_title\">Seminare ErwachseneSeminar 1 bild5<\/div>\t\t\t\t\t\t\t\t\t\t\t<\/div>\r\n\t\t\t\t<\/div>\r\n\r\n\t\t\t\t\t\t<div style=\"clear: both;\"><\/div><\/div><div class=\"slideshow_view\">\r\n\t\t\t\t<div class=\"slideshow_slide slideshow_slide_image\">\r\n\t\t\t\t\t\t\t\t\t\t\t<img src=\"https:\/\/farbenengel.de\/wp-content\/uploads\/2016\/08\/Seminare ErwachseneSeminar 1 bild6.JPG\" alt=\"Seminare ErwachseneSeminar 1 bild6\" width=\"3264\" height=\"2448\" \/>\r\n\t\t\t\t\t\t\t\t\t\t<div class=\"slideshow_description_box slideshow_transparent\">\r\n\t\t\t\t\t\t<div class=\"slideshow_title\">Seminare ErwachseneSeminar 1 bild6<\/div>\t\t\t\t\t\t\t\t\t\t\t<\/div>\r\n\t\t\t\t<\/div>\r\n\r\n\t\t\t\t\t\t<div style=\"clear: both;\"><\/div><\/div><div class=\"slideshow_view\">\r\n\t\t\t\t<div class=\"slideshow_slide slideshow_slide_image\">\r\n\t\t\t\t\t\t\t\t\t\t\t<img src=\"https:\/\/farbenengel.de\/wp-content\/uploads\/2016\/08\/Seminare ErwachseneSeminar 1 bild7.JPG\" alt=\"Seminare ErwachseneSeminar 1 bild7\" width=\"2304\" height=\"3072\" \/>\r\n\t\t\t\t\t\t\t\t\t\t<div class=\"slideshow_description_box slideshow_transparent\">\r\n\t\t\t\t\t\t<div class=\"slideshow_title\">Seminare ErwachseneSeminar 1 bild7<\/div>\t\t\t\t\t\t\t\t\t\t\t<\/div>\r\n\t\t\t\t<\/div>\r\n\r\n\t\t\t\t\t\t<div style=\"clear: both;\"><\/div><\/div><div class=\"slideshow_view\">\r\n\t\t\t\t<div class=\"slideshow_slide slideshow_slide_image\">\r\n\t\t\t\t\t\t\t\t\t\t\t<img src=\"https:\/\/farbenengel.de\/wp-content\/uploads\/2016\/08\/Seminare ErwachseneSeminar 1 bild8.JPG\" alt=\"Seminare ErwachseneSeminar 1 bild8\" width=\"3072\" height=\"2304\" \/>\r\n\t\t\t\t\t\t\t\t\t\t<div class=\"slideshow_description_box slideshow_transparent\">\r\n\t\t\t\t\t\t<div class=\"slideshow_title\">Seminare ErwachseneSeminar 1 bild8<\/div>\t\t\t\t\t\t\t\t\t\t\t<\/div>\r\n\t\t\t\t<\/div>\r\n\r\n\t\t\t\t\t\t<div style=\"clear: both;\"><\/div><\/div><div class=\"slideshow_view\">\r\n\t\t\t\t<div class=\"slideshow_slide slideshow_slide_image\">\r\n\t\t\t\t\t\t\t\t\t\t\t<img src=\"https:\/\/farbenengel.de\/wp-content\/uploads\/2016\/08\/Seminare ErwachseneSeminar 1 bild9.JPG\" alt=\"Seminare ErwachseneSeminar 1 bild9\" width=\"2304\" height=\"3072\" \/>\r\n\t\t\t\t\t\t\t\t\t\t<div class=\"slideshow_description_box slideshow_transparent\">\r\n\t\t\t\t\t\t<div class=\"slideshow_title\">Seminare ErwachseneSeminar 1 bild9<\/div>\t\t\t\t\t\t\t\t\t\t\t<\/div>\r\n\t\t\t\t<\/div>\r\n\r\n\t\t\t\t\t\t<div style=\"clear: both;\"><\/div><\/div><div class=\"slideshow_view\">\r\n\t\t\t\t<div class=\"slideshow_slide slideshow_slide_image\">\r\n\t\t\t\t\t\t\t\t\t\t\t<img src=\"https:\/\/farbenengel.de\/wp-content\/uploads\/2016\/08\/Seminare ErwachseneSeminar 2 bild1.JPG\" alt=\"Seminare ErwachseneSeminar 2 bild1\" width=\"3456\" height=\"4608\" \/>\r\n\t\t\t\t\t\t\t\t\t\t<div class=\"slideshow_description_box slideshow_transparent\">\r\n\t\t\t\t\t\t<div class=\"slideshow_title\">Seminare ErwachseneSeminar 2 bild1<\/div>\t\t\t\t\t\t\t\t\t\t\t<\/div>\r\n\t\t\t\t<\/div>\r\n\r\n\t\t\t\t\t\t<div style=\"clear: both;\"><\/div><\/div><div class=\"slideshow_view\">\r\n\t\t\t\t<div class=\"slideshow_slide slideshow_slide_image\">\r\n\t\t\t\t\t\t\t\t\t\t\t<img src=\"https:\/\/farbenengel.de\/wp-content\/uploads\/2016\/08\/Seminare ErwachseneSeminar 2 bild10.JPG\" alt=\"Seminare ErwachseneSeminar 2 bild10\" width=\"3264\" height=\"2448\" \/>\r\n\t\t\t\t\t\t\t\t\t\t<div class=\"slideshow_description_box slideshow_transparent\">\r\n\t\t\t\t\t\t<div class=\"slideshow_title\">Seminare ErwachseneSeminar 2 bild10<\/div>\t\t\t\t\t\t\t\t\t\t\t<\/div>\r\n\t\t\t\t<\/div>\r\n\r\n\t\t\t\t\t\t<div style=\"clear: both;\"><\/div><\/div><div class=\"slideshow_view\">\r\n\t\t\t\t<div class=\"slideshow_slide slideshow_slide_image\">\r\n\t\t\t\t\t\t\t\t\t\t\t<img src=\"https:\/\/farbenengel.de\/wp-content\/uploads\/2016\/08\/Seminare ErwachseneSeminar 2 bild11.JPG\" alt=\"Seminare ErwachseneSeminar 2 bild11\" width=\"3264\" height=\"2448\" \/>\r\n\t\t\t\t\t\t\t\t\t\t<div class=\"slideshow_description_box slideshow_transparent\">\r\n\t\t\t\t\t\t<div class=\"slideshow_title\">Seminare ErwachseneSeminar 2 bild11<\/div>\t\t\t\t\t\t\t\t\t\t\t<\/div>\r\n\t\t\t\t<\/div>\r\n\r\n\t\t\t\t\t\t<div style=\"clear: both;\"><\/div><\/div><div class=\"slideshow_view\">\r\n\t\t\t\t<div class=\"slideshow_slide slideshow_slide_image\">\r\n\t\t\t\t\t\t\t\t\t\t\t<img src=\"https:\/\/farbenengel.de\/wp-content\/uploads\/2016\/08\/Seminare ErwachseneSeminar 2 bild12.JPG\" alt=\"Seminare ErwachseneSeminar 2 bild12\" width=\"3264\" height=\"2448\" \/>\r\n\t\t\t\t\t\t\t\t\t\t<div class=\"slideshow_description_box slideshow_transparent\">\r\n\t\t\t\t\t\t<div class=\"slideshow_title\">Seminare ErwachseneSeminar 2 bild12<\/div>\t\t\t\t\t\t\t\t\t\t\t<\/div>\r\n\t\t\t\t<\/div>\r\n\r\n\t\t\t\t\t\t<div style=\"clear: both;\"><\/div><\/div><div class=\"slideshow_view\">\r\n\t\t\t\t<div class=\"slideshow_slide slideshow_slide_image\">\r\n\t\t\t\t\t\t\t\t\t\t\t<img src=\"https:\/\/farbenengel.de\/wp-content\/uploads\/2016\/08\/Seminare ErwachseneSeminar 2 bild13.JPG\" alt=\"Seminare ErwachseneSeminar 2 bild13\" width=\"3264\" height=\"2448\" \/>\r\n\t\t\t\t\t\t\t\t\t\t<div class=\"slideshow_description_box slideshow_transparent\">\r\n\t\t\t\t\t\t<div class=\"slideshow_title\">Seminare ErwachseneSeminar 2 bild13<\/div>\t\t\t\t\t\t\t\t\t\t\t<\/div>\r\n\t\t\t\t<\/div>\r\n\r\n\t\t\t\t\t\t<div style=\"clear: both;\"><\/div><\/div><div class=\"slideshow_view\">\r\n\t\t\t\t<div class=\"slideshow_slide slideshow_slide_image\">\r\n\t\t\t\t\t\t\t\t\t\t\t<img src=\"https:\/\/farbenengel.de\/wp-content\/uploads\/2016\/08\/Seminare ErwachseneSeminar 2 bild14.JPG\" alt=\"Seminare ErwachseneSeminar 2 bild14\" width=\"3264\" height=\"2448\" \/>\r\n\t\t\t\t\t\t\t\t\t\t<div class=\"slideshow_description_box slideshow_transparent\">\r\n\t\t\t\t\t\t<div class=\"slideshow_title\">Seminare ErwachseneSeminar 2 bild14<\/div>\t\t\t\t\t\t\t\t\t\t\t<\/div>\r\n\t\t\t\t<\/div>\r\n\r\n\t\t\t\t\t\t<div style=\"clear: both;\"><\/div><\/div><div class=\"slideshow_view\">\r\n\t\t\t\t<div class=\"slideshow_slide slideshow_slide_image\">\r\n\t\t\t\t\t\t\t\t\t\t\t<img src=\"https:\/\/farbenengel.de\/wp-content\/uploads\/2016\/08\/Seminare ErwachseneSeminar 2 bild16.JPG\" alt=\"Seminare ErwachseneSeminar 2 bild16\" width=\"3072\" height=\"2304\" \/>\r\n\t\t\t\t\t\t\t\t\t\t<div class=\"slideshow_description_box slideshow_transparent\">\r\n\t\t\t\t\t\t<div class=\"slideshow_title\">Seminare ErwachseneSeminar 2 bild16<\/div>\t\t\t\t\t\t\t\t\t\t\t<\/div>\r\n\t\t\t\t<\/div>\r\n\r\n\t\t\t\t\t\t<div style=\"clear: both;\"><\/div><\/div><div class=\"slideshow_view\">\r\n\t\t\t\t<div class=\"slideshow_slide slideshow_slide_image\">\r\n\t\t\t\t\t\t\t\t\t\t\t<img src=\"https:\/\/farbenengel.de\/wp-content\/uploads\/2016\/08\/Seminare ErwachseneSeminar 2 bild15.JPG\" alt=\"Seminare ErwachseneSeminar 2 bild15\" width=\"2304\" height=\"3072\" \/>\r\n\t\t\t\t\t\t\t\t\t\t<div class=\"slideshow_description_box slideshow_transparent\">\r\n\t\t\t\t\t\t<div class=\"slideshow_title\">Seminare ErwachseneSeminar 2 bild15<\/div>\t\t\t\t\t\t\t\t\t\t\t<\/div>\r\n\t\t\t\t<\/div>\r\n\r\n\t\t\t\t\t\t<div style=\"clear: both;\"><\/div><\/div><div class=\"slideshow_view\">\r\n\t\t\t\t<div class=\"slideshow_slide slideshow_slide_image\">\r\n\t\t\t\t\t\t\t\t\t\t\t<img src=\"https:\/\/farbenengel.de\/wp-content\/uploads\/2016\/08\/Seminare ErwachseneSeminar 2 bild17.JPG\" alt=\"Seminare ErwachseneSeminar 2 bild17\" width=\"3072\" height=\"2304\" \/>\r\n\t\t\t\t\t\t\t\t\t\t<div class=\"slideshow_description_box slideshow_transparent\">\r\n\t\t\t\t\t\t<div class=\"slideshow_title\">Seminare ErwachseneSeminar 2 bild17<\/div>\t\t\t\t\t\t\t\t\t\t\t<\/div>\r\n\t\t\t\t<\/div>\r\n\r\n\t\t\t\t\t\t<div style=\"clear: both;\"><\/div><\/div><div class=\"slideshow_view\">\r\n\t\t\t\t<div class=\"slideshow_slide slideshow_slide_image\">\r\n\t\t\t\t\t\t\t\t\t\t\t<img src=\"https:\/\/farbenengel.de\/wp-content\/uploads\/2016\/08\/Seminare ErwachseneSeminar 2 bild2.JPG\" alt=\"Seminare ErwachseneSeminar 2 bild2\" width=\"3456\" height=\"4608\" \/>\r\n\t\t\t\t\t\t\t\t\t\t<div class=\"slideshow_description_box slideshow_transparent\">\r\n\t\t\t\t\t\t<div class=\"slideshow_title\">Seminare ErwachseneSeminar 2 bild2<\/div>\t\t\t\t\t\t\t\t\t\t\t<\/div>\r\n\t\t\t\t<\/div>\r\n\r\n\t\t\t\t\t\t<div style=\"clear: both;\"><\/div><\/div><div class=\"slideshow_view\">\r\n\t\t\t\t<div class=\"slideshow_slide slideshow_slide_image\">\r\n\t\t\t\t\t\t\t\t\t\t\t<img src=\"https:\/\/farbenengel.de\/wp-content\/uploads\/2016\/08\/Seminare ErwachseneSeminar 2 bild3.JPG\" alt=\"Seminare ErwachseneSeminar 2 bild3\" width=\"3456\" height=\"4608\" \/>\r\n\t\t\t\t\t\t\t\t\t\t<div class=\"slideshow_description_box slideshow_transparent\">\r\n\t\t\t\t\t\t<div class=\"slideshow_title\">Seminare ErwachseneSeminar 2 bild3<\/div>\t\t\t\t\t\t\t\t\t\t\t<\/div>\r\n\t\t\t\t<\/div>\r\n\r\n\t\t\t\t\t\t<div style=\"clear: both;\"><\/div><\/div><div class=\"slideshow_view\">\r\n\t\t\t\t<div class=\"slideshow_slide slideshow_slide_image\">\r\n\t\t\t\t\t\t\t\t\t\t\t<img src=\"https:\/\/farbenengel.de\/wp-content\/uploads\/2016\/08\/Seminare ErwachseneSeminar 2 bild4.JPG\" alt=\"Seminare ErwachseneSeminar 2 bild4\" width=\"3456\" height=\"4608\" \/>\r\n\t\t\t\t\t\t\t\t\t\t<div class=\"slideshow_description_box slideshow_transparent\">\r\n\t\t\t\t\t\t<div class=\"slideshow_title\">Seminare ErwachseneSeminar 2 bild4<\/div>\t\t\t\t\t\t\t\t\t\t\t<\/div>\r\n\t\t\t\t<\/div>\r\n\r\n\t\t\t\t\t\t<div style=\"clear: both;\"><\/div><\/div><div class=\"slideshow_view\">\r\n\t\t\t\t<div class=\"slideshow_slide slideshow_slide_image\">\r\n\t\t\t\t\t\t\t\t\t\t\t<img src=\"https:\/\/farbenengel.de\/wp-content\/uploads\/2016\/08\/Seminare ErwachseneSeminar 2 bild5.JPG\" alt=\"Seminare ErwachseneSeminar 2 bild5\" width=\"4608\" height=\"3456\" \/>\r\n\t\t\t\t\t\t\t\t\t\t<div class=\"slideshow_description_box slideshow_transparent\">\r\n\t\t\t\t\t\t<div class=\"slideshow_title\">Seminare ErwachseneSeminar 2 bild5<\/div>\t\t\t\t\t\t\t\t\t\t\t<\/div>\r\n\t\t\t\t<\/div>\r\n\r\n\t\t\t\t\t\t<div style=\"clear: both;\"><\/div><\/div><div class=\"slideshow_view\">\r\n\t\t\t\t<div class=\"slideshow_slide slideshow_slide_image\">\r\n\t\t\t\t\t\t\t\t\t\t\t<img src=\"https:\/\/farbenengel.de\/wp-content\/uploads\/2016\/08\/Seminare ErwachseneSeminar 2 bild6.JPG\" alt=\"Seminare ErwachseneSeminar 2 bild6\" width=\"4608\" height=\"3456\" \/>\r\n\t\t\t\t\t\t\t\t\t\t<div class=\"slideshow_description_box slideshow_transparent\">\r\n\t\t\t\t\t\t<div class=\"slideshow_title\">Seminare ErwachseneSeminar 2 bild6<\/div>\t\t\t\t\t\t\t\t\t\t\t<\/div>\r\n\t\t\t\t<\/div>\r\n\r\n\t\t\t\t\t\t<div style=\"clear: both;\"><\/div><\/div><div class=\"slideshow_view\">\r\n\t\t\t\t<div class=\"slideshow_slide slideshow_slide_image\">\r\n\t\t\t\t\t\t\t\t\t\t\t<img src=\"https:\/\/farbenengel.de\/wp-content\/uploads\/2016\/08\/Seminare ErwachseneSeminar 2 bild7.JPG\" alt=\"Seminare ErwachseneSeminar 2 bild7\" width=\"4608\" height=\"3456\" \/>\r\n\t\t\t\t\t\t\t\t\t\t<div class=\"slideshow_description_box slideshow_transparent\">\r\n\t\t\t\t\t\t<div class=\"slideshow_title\">Seminare ErwachseneSeminar 2 bild7<\/div>\t\t\t\t\t\t\t\t\t\t\t<\/div>\r\n\t\t\t\t<\/div>\r\n\r\n\t\t\t\t\t\t<div style=\"clear: both;\"><\/div><\/div><div class=\"slideshow_view\">\r\n\t\t\t\t<div class=\"slideshow_slide slideshow_slide_image\">\r\n\t\t\t\t\t\t\t\t\t\t\t<img src=\"https:\/\/farbenengel.de\/wp-content\/uploads\/2016\/08\/Seminare ErwachseneSeminar 2 bild8.JPG\" alt=\"Seminare ErwachseneSeminar 2 bild8\" width=\"3264\" height=\"2448\" \/>\r\n\t\t\t\t\t\t\t\t\t\t<div class=\"slideshow_description_box slideshow_transparent\">\r\n\t\t\t\t\t\t<div class=\"slideshow_title\">Seminare ErwachseneSeminar 2 bild8<\/div>\t\t\t\t\t\t\t\t\t\t\t<\/div>\r\n\t\t\t\t<\/div>\r\n\r\n\t\t\t\t\t\t<div style=\"clear: both;\"><\/div><\/div><div class=\"slideshow_view\">\r\n\t\t\t\t<div class=\"slideshow_slide slideshow_slide_image\">\r\n\t\t\t\t\t\t\t\t\t\t\t<img src=\"https:\/\/farbenengel.de\/wp-content\/uploads\/2016\/08\/Seminare ErwachseneSeminar 2 bild9.JPG\" alt=\"Seminare ErwachseneSeminar 2 bild9\" width=\"3264\" height=\"2448\" \/>\r\n\t\t\t\t\t\t\t\t\t\t<div class=\"slideshow_description_box slideshow_transparent\">\r\n\t\t\t\t\t\t<div class=\"slideshow_title\">Seminare ErwachseneSeminar 2 bild9<\/div>\t\t\t\t\t\t\t\t\t\t\t<\/div>\r\n\t\t\t\t<\/div>\r\n\r\n\t\t\t\t\t\t<div style=\"clear: both;\"><\/div><\/div>\r\n\t\t<\/div>\r\n\r\n\t\t<div class=\"slideshow_controlPanel slideshow_transparent\" style=\"display: none;\"><ul><li class=\"slideshow_togglePlay\" data-play-text=\"Abspielen\" data-pause-text=\"Pause\"><\/li><\/ul><\/div>\r\n\r\n\t\t<div class=\"slideshow_button slideshow_previous slideshow_transparent\" role=\"button\" data-previous-text=\"Zur\u00fcck\" style=\"display: none;\"><\/div>\r\n\t\t<div class=\"slideshow_button slideshow_next slideshow_transparent\" role=\"button\" data-next-text=\"N\u00e4chstes\" style=\"display: none;\"><\/div>\r\n\r\n\t\t<div class=\"slideshow_pagination\" style=\"display: none;\" data-go-to-text=\"Gehe zum Bild\"><div class=\"slideshow_pagination_center\"><\/div><\/div>\r\n\r\n\t\t<!-- WordPress Slideshow Version 2.3.1 -->\r\n\r\n\t\t\t<\/div>\r\n\r\n<\/p>\n<p>F\u00fcr alle Angebote und\/oder zuk\u00fcnftige Seminare bitte ich um telefonische Anfragen.<br \/>\n<span style=\"color: #333399;\"><strong><span style=\"font-size: 1.4em;\">Tel.: 040 58 91 63 41<br \/>\n<\/span><\/strong><\/span>Ich freue mich auf Sie,<br \/>\nIhre Regina Wessel-Wydra<\/p>\n","protected":false},"excerpt":{"rendered":"<p>Immer wieder wurde ich gefragt, ob ich mein Wissen und die langj\u00e4hrigen Erfahrungen weitergeben m\u00f6chte. F\u00fcr interessierte Amateure, gewerbliche K\u00fcnstler, Maler und Gestalter, die ihr professionelles Angebot mit diesen Techniken erweitern wollen, biete ich kundenorientierte Seminare an. Wir bieten unterschiedliche &hellip; <a href=\"https:\/\/farbenengel.de\/index.php\/seminare-3\/\">Weiterlesen <span class=\"meta-nav\">&rarr;<\/span><\/a><\/p>\n","protected":false},"author":1,"featured_media":0,"parent":0,"menu_order":0,"comment_status":"closed","ping_status":"closed","template":"","meta":{"footnotes":""},"class_list":["post-150","page","type-page","status-publish","hentry"],"_links":{"self":[{"href":"https:\/\/farbenengel.de\/index.php\/wp-json\/wp\/v2\/pages\/150","targetHints":{"allow":["GET"]}}],"collection":[{"href":"https:\/\/farbenengel.de\/index.php\/wp-json\/wp\/v2\/pages"}],"about":[{"href":"https:\/\/farbenengel.de\/index.php\/wp-json\/wp\/v2\/types\/page"}],"author":[{"embeddable":true,"href":"https:\/\/farbenengel.de\/index.php\/wp-json\/wp\/v2\/users\/1"}],"replies":[{"embeddable":true,"href":"https:\/\/farbenengel.de\/index.php\/wp-json\/wp\/v2\/comments?post=150"}],"version-history":[{"count":5,"href":"https:\/\/farbenengel.de\/index.php\/wp-json\/wp\/v2\/pages\/150\/revisions"}],"predecessor-version":[{"id":2038,"href":"https:\/\/farbenengel.de\/index.php\/wp-json\/wp\/v2\/pages\/150\/revisions\/2038"}],"wp:attachment":[{"href":"https:\/\/farbenengel.de\/index.php\/wp-json\/wp\/v2\/media?parent=150"}],"curies":[{"name":"wp","href":"https:\/\/api.w.org\/{rel}","templated":true}]}}