{"id":145,"date":"2013-08-14T11:12:49","date_gmt":"2013-08-14T09:12:49","guid":{"rendered":"http:\/\/farbenengel.de\/?page_id=145"},"modified":"2015-11-28T15:36:03","modified_gmt":"2015-11-28T14:36:03","slug":"glastueren-und-fahrstuhlbeklebungen","status":"publish","type":"page","link":"https:\/\/farbenengel.de\/index.php\/angebot\/glastueren-und-fahrstuhlbeklebungen\/","title":{"rendered":"Glast\u00fcren und Fahrstuhlbeklebungen"},"content":{"rendered":"<p>Da einige Einrichtungen Ihre Glas- oder Fahrstuhlt\u00fcren &#8222;Verschwinden&#8220; lassen m\u00f6chten, biete ich eine nat\u00fcrliche, farbenfrohe und attraktive L\u00f6sung an.<\/p>\n<p>Die T\u00fcren werden verklebt mit einer hochwertigen Folie, die anschlie\u00dfend auch abwaschbar ist. Die Motive werden den Gegebenheiten der R\u00e4ume angepasst. Dies ist zum Beispiel eine nat\u00fcrliche Barriere f\u00fcr demente Bewohner in einem Pflegeheim gewesen.<\/p>\n<p>&nbsp;<\/p>\n\r\n\t<div class=\"slideshow_container slideshow_container_style-light\" style=\"height: 400px; \" data-slideshow-id=\"531\" data-style-name=\"style-light\" data-style-version=\"2.3.1\" >\r\n\r\n\t\t\t\t\t<div class=\"slideshow_loading_icon\"><\/div>\r\n\t\t\r\n\t\t<div class=\"slideshow_content\" style=\"display: none;\">\r\n\r\n\t\t\t<div class=\"slideshow_view\">\r\n\t\t\t\t<div class=\"slideshow_slide slideshow_slide_image\">\r\n\t\t\t\t\t\t\t\t\t\t\t<img src=\"https:\/\/farbenengel.de\/wp-content\/uploads\/2015\/11\/Gangtuer-vorher.jpg\" alt=\"Gangt\u00fcr vorher\" width=\"418\" height=\"480\" \/>\r\n\t\t\t\t\t\t\t\t\t\t<div class=\"slideshow_description_box slideshow_transparent\">\r\n\t\t\t\t\t\t<div class=\"slideshow_title\">Gangt\u00fcr vorher<\/div>\t\t\t\t\t\t\t\t\t\t\t<\/div>\r\n\t\t\t\t<\/div>\r\n\r\n\t\t\t\t\t\t<div style=\"clear: both;\"><\/div><\/div><div class=\"slideshow_view\">\r\n\t\t\t\t<div class=\"slideshow_slide slideshow_slide_image\">\r\n\t\t\t\t\t\t\t\t\t\t\t<img src=\"https:\/\/farbenengel.de\/wp-content\/uploads\/2015\/11\/Nachher-Mohnbild2.jpg\" alt=\"Glast\u00fcr nachher\" width=\"423\" height=\"480\" \/>\r\n\t\t\t\t\t\t\t\t\t\t<div class=\"slideshow_description_box slideshow_transparent\">\r\n\t\t\t\t\t\t<div class=\"slideshow_title\">Glast\u00fcr nachher<\/div>\t\t\t\t\t\t\t\t\t\t\t<\/div>\r\n\t\t\t\t<\/div>\r\n\r\n\t\t\t\t\t\t<div style=\"clear: both;\"><\/div><\/div><div class=\"slideshow_view\">\r\n\t\t\t\t<div class=\"slideshow_slide slideshow_slide_image\">\r\n\t\t\t\t\t\t\t\t\t\t\t<img src=\"https:\/\/farbenengel.de\/wp-content\/uploads\/2015\/11\/Tuer-nachher.jpg\" alt=\"Glast\u00fcr-nachher\" width=\"401\" height=\"480\" \/>\r\n\t\t\t\t\t\t\t\t\t\t<div class=\"slideshow_description_box slideshow_transparent\">\r\n\t\t\t\t\t\t<div class=\"slideshow_title\">Glast\u00fcr-nachher<\/div>\t\t\t\t\t\t\t\t\t\t\t<\/div>\r\n\t\t\t\t<\/div>\r\n\r\n\t\t\t\t\t\t<div style=\"clear: both;\"><\/div><\/div><div class=\"slideshow_view\">\r\n\t\t\t\t<div class=\"slideshow_slide slideshow_slide_image\">\r\n\t\t\t\t\t\t\t\t\t\t\t<img src=\"https:\/\/farbenengel.de\/wp-content\/uploads\/2015\/11\/Vorher-Mohnbild1.jpg\" alt=\"Treppenhaust\u00fcr-vorher\" width=\"457\" height=\"480\" \/>\r\n\t\t\t\t\t\t\t\t\t\t<div class=\"slideshow_description_box slideshow_transparent\">\r\n\t\t\t\t\t\t<div class=\"slideshow_title\">Treppenhaust\u00fcr-vorher<\/div>\t\t\t\t\t\t\t\t\t\t\t<\/div>\r\n\t\t\t\t<\/div>\r\n\r\n\t\t\t\t\t\t<div style=\"clear: both;\"><\/div><\/div><div class=\"slideshow_view\">\r\n\t\t\t\t<div class=\"slideshow_slide slideshow_slide_image\">\r\n\t\t\t\t\t\t\t\t\t\t\t<img src=\"https:\/\/farbenengel.de\/wp-content\/uploads\/2015\/11\/Nachher-Mohnbild1.jpg\" alt=\"Treppenhaust\u00fcr-nachher\" width=\"555\" height=\"480\" \/>\r\n\t\t\t\t\t\t\t\t\t\t<div class=\"slideshow_description_box slideshow_transparent\">\r\n\t\t\t\t\t\t<div class=\"slideshow_title\">Treppenhaust\u00fcr-nachher<\/div>\t\t\t\t\t\t\t\t\t\t\t<\/div>\r\n\t\t\t\t<\/div>\r\n\r\n\t\t\t\t\t\t<div style=\"clear: both;\"><\/div><\/div><div class=\"slideshow_view\">\r\n\t\t\t\t<div class=\"slideshow_slide slideshow_slide_image\">\r\n\t\t\t\t\t\t\t\t\t\t\t<img src=\"https:\/\/farbenengel.de\/wp-content\/uploads\/2014\/09\/vorherTreppenhausWald-225x300.jpg\" alt=\"Gefahrenstelle Treppenhaus...\" width=\"225\" height=\"300\" \/>\r\n\t\t\t\t\t\t\t\t\t\t<div class=\"slideshow_description_box slideshow_transparent\">\r\n\t\t\t\t\t\t<div class=\"slideshow_title\">Gefahrenstelle Treppenhaus...<\/div>\t\t\t\t\t\t\t\t\t\t\t<\/div>\r\n\t\t\t\t<\/div>\r\n\r\n\t\t\t\t\t\t<div style=\"clear: both;\"><\/div><\/div><div class=\"slideshow_view\">\r\n\t\t\t\t<div class=\"slideshow_slide slideshow_slide_image\">\r\n\t\t\t\t\t\t\t\t\t\t\t<img src=\"https:\/\/farbenengel.de\/wp-content\/uploads\/2014\/09\/nachherWald-225x300.jpg\" alt=\"... wirkt als Wald getarnt unpassierlich!\" width=\"225\" height=\"300\" \/>\r\n\t\t\t\t\t\t\t\t\t\t<div class=\"slideshow_description_box slideshow_transparent\">\r\n\t\t\t\t\t\t<div class=\"slideshow_title\">... wirkt als Wald getarnt unpassierbar!<\/div>\t\t\t\t\t\t\t\t\t\t\t<\/div>\r\n\t\t\t\t<\/div>\r\n\r\n\t\t\t\t\t\t<div style=\"clear: both;\"><\/div><\/div>\r\n\t\t<\/div>\r\n\r\n\t\t<div class=\"slideshow_controlPanel slideshow_transparent\" style=\"display: none;\"><ul><li class=\"slideshow_togglePlay\" data-play-text=\"Abspielen\" data-pause-text=\"Pause\"><\/li><\/ul><\/div>\r\n\r\n\t\t<div class=\"slideshow_button slideshow_previous slideshow_transparent\" role=\"button\" data-previous-text=\"Zur\u00fcck\" style=\"display: none;\"><\/div>\r\n\t\t<div class=\"slideshow_button slideshow_next slideshow_transparent\" role=\"button\" data-next-text=\"N\u00e4chstes\" style=\"display: none;\"><\/div>\r\n\r\n\t\t<div class=\"slideshow_pagination\" style=\"display: none;\" data-go-to-text=\"Gehe zum Bild\"><div class=\"slideshow_pagination_center\"><\/div><\/div>\r\n\r\n\t\t<!-- WordPress Slideshow Version 2.3.1 -->\r\n\r\n\t\t\t<\/div>\r\n\r\n\n<p>&nbsp;<\/p>\n<p>Dies sind nur drei Beispiele. Ich habe noch viele weitere wundersch\u00f6ne Motive.<br \/>\nDer Fantasie sind dabei keine Grenzen gesetzt.<\/p>\n<p>&nbsp;<\/p>\n<p>&nbsp;<\/p>\n","protected":false},"excerpt":{"rendered":"<p>Da einige Einrichtungen Ihre Glas- oder Fahrstuhlt\u00fcren &#8222;Verschwinden&#8220; lassen m\u00f6chten, biete ich eine nat\u00fcrliche, farbenfrohe und attraktive L\u00f6sung an. Die T\u00fcren werden verklebt mit einer hochwertigen Folie, die anschlie\u00dfend auch abwaschbar ist. Die Motive werden den Gegebenheiten der R\u00e4ume angepasst. &hellip; <a href=\"https:\/\/farbenengel.de\/index.php\/angebot\/glastueren-und-fahrstuhlbeklebungen\/\">Weiterlesen <span class=\"meta-nav\">&rarr;<\/span><\/a><\/p>\n","protected":false},"author":1,"featured_media":139,"parent":396,"menu_order":0,"comment_status":"closed","ping_status":"open","template":"","meta":{"footnotes":""},"class_list":["post-145","page","type-page","status-publish","has-post-thumbnail","hentry"],"_links":{"self":[{"href":"https:\/\/farbenengel.de\/index.php\/wp-json\/wp\/v2\/pages\/145","targetHints":{"allow":["GET"]}}],"collection":[{"href":"https:\/\/farbenengel.de\/index.php\/wp-json\/wp\/v2\/pages"}],"about":[{"href":"https:\/\/farbenengel.de\/index.php\/wp-json\/wp\/v2\/types\/page"}],"author":[{"embeddable":true,"href":"https:\/\/farbenengel.de\/index.php\/wp-json\/wp\/v2\/users\/1"}],"replies":[{"embeddable":true,"href":"https:\/\/farbenengel.de\/index.php\/wp-json\/wp\/v2\/comments?post=145"}],"version-history":[{"count":1,"href":"https:\/\/farbenengel.de\/index.php\/wp-json\/wp\/v2\/pages\/145\/revisions"}],"predecessor-version":[{"id":1413,"href":"https:\/\/farbenengel.de\/index.php\/wp-json\/wp\/v2\/pages\/145\/revisions\/1413"}],"up":[{"embeddable":true,"href":"https:\/\/farbenengel.de\/index.php\/wp-json\/wp\/v2\/pages\/396"}],"wp:featuredmedia":[{"embeddable":true,"href":"https:\/\/farbenengel.de\/index.php\/wp-json\/"}],"wp:attachment":[{"href":"https:\/\/farbenengel.de\/index.php\/wp-json\/wp\/v2\/media?parent=145"}],"curies":[{"name":"wp","href":"https:\/\/api.w.org\/{rel}","templated":true}]}}