{"id":112,"date":"2013-08-09T11:51:39","date_gmt":"2013-08-09T09:51:39","guid":{"rendered":"http:\/\/farbenengel.de\/?page_id=112"},"modified":"2018-02-17T20:06:22","modified_gmt":"2018-02-17T19:06:22","slug":"projekte-illusionsmalerei-glasmalerei","status":"publish","type":"page","link":"https:\/\/farbenengel.de\/index.php\/projekte-illusionsmalerei-glasmalerei\/","title":{"rendered":"Projekte"},"content":{"rendered":"<p>Auf dieser Seite finden Sie einen \u00dcberblick \u00fcber meine letzten Projekte.<br \/>\nKlicken Sie Sich doch mal durch und sehen, wie solche Kunstwerke entstehen!<\/p>\n<p>&nbsp;<\/p>\n<h3><a title=\"Mosaikmalerei \u201cEs werde Licht\u201d\" href=\"http:\/\/farbenengel.de\/?page_id=253\">Mosaikmalerei &#8222;Es werde Licht&#8220;<\/a><a title=\"Steinmosaik \u201cEs werde Licht\u201d\" href=\"http:\/\/farbenengel.de\/?page_id=253\"><img loading=\"lazy\" decoding=\"async\" class=\"alignright wp-image-19\" src=\"http:\/\/farbenengel.de\/wp-content\/uploads\/2013\/08\/dsc02940.-nr.17jpg.jpg\" alt=\"Mosaikmalerei_ES_WERDE_LICHT\" width=\"250\" height=\"184\" \/><\/a><\/h3>\n<p>Hier sehen Sie die Entstehung des<br \/>\n3,00 x 3,50m gro\u00dfen gemalten Steinmosaiks.<\/p>\n<h3><a title=\"Mosaikmalerei Sonnenuntergang\" href=\"http:\/\/farbenengel.de\/?page_id=282\">Mosaikwandbild &#8222;Sonnenuntergang&#8220;<\/a><a title=\"Mosaikmalerei Sonnenuntergang\" href=\"http:\/\/farbenengel.de\/?page_id=282\"><img loading=\"lazy\" decoding=\"async\" class=\" wp-image-278 alignright\" src=\"http:\/\/farbenengel.de\/wp-content\/uploads\/2013\/08\/SonUnt12-300x224.jpg\" alt=\"Mosaikwandbild_Sonnenuntergang\" width=\"250\" height=\"184\" \/><\/a><\/h3>\n<p>Eine Entstehungsgeschichte in Bildern.<\/p>\n<h3><\/h3>\n<h3><a title=\"S\u00e4ulen in Dementenstation\" href=\"http:\/\/farbenengel.de\/?page_id=353\">S\u00e4ulen in Dementenstation<img loading=\"lazy\" decoding=\"async\" class=\" wp-image-251 alignright\" src=\"http:\/\/farbenengel.de\/wp-content\/uploads\/2013\/08\/s\u00e4ule-dementenstation-163x300.jpg\" alt=\"S\u00e4ule Dementenstation - Wandmalerei\" width=\"100\" height=\"184\" \/><\/a><\/h3>\n<div>\n<p>Dementenstationen ben\u00f6tigen Orientierungspunkte.<br \/>\nProjekt\u00a0Stockwerkgestaltungen in Wilhelmsburg<\/p>\n<p>&nbsp;<\/p>\n<p>&nbsp;<\/p>\n<h3><a title=\"Toscana Landschaft in Hamburger Pflegeheim - Illusionsmalerei\" href=\"http:\/\/farbenengel.de\/?page_id=305\">Toscana Landschaft in Hamburger Pflegeheim<\/a><a title=\"Toscana Landschaft in Hamburger Pflegeheim - Illusionsmalerei\" href=\"http:\/\/farbenengel.de\/?page_id=305\"><img loading=\"lazy\" decoding=\"async\" class=\"alignright wp-image-292\" src=\"http:\/\/farbenengel.de\/wp-content\/uploads\/2013\/08\/Toscana_Landschaft_in_Hamburger_Pflegeheim-300x225.jpg\" alt=\"Toscana_Landschaft_in_Hamburger_Pflegeheim\" width=\"250\" height=\"184\" \/><\/a><\/h3>\n<p>Flurgestaltung in einem Pflegeheim in Hamburg &#8222;Toscanalandschaft&#8220;<\/p>\n<p>&nbsp;<\/p>\n<p>&nbsp;<\/p>\n<p>&nbsp;<\/p>\n<h3><a title=\"Leuchtturm in Kinderkrankenhaus\" href=\"http:\/\/farbenengel.de\/?page_id=313\">Leuchtturm in Kinderkrankenhaus<img loading=\"lazy\" decoding=\"async\" class=\"alignright wp-image-309\" src=\"http:\/\/farbenengel.de\/wp-content\/uploads\/2013\/08\/leuchturm-neu-2.jpg\" alt=\"Leuchtturm - Illusionsmalerei\" width=\"250\" height=\"184\" \/><\/a><\/h3>\n<p>Projekt Kinderklinik<\/p>\n<p>In der Kinder-Lungenfachabteilung eines Hamburger Kinderkrankenhauses<\/p>\n<p>&nbsp;<\/p>\n<p>&nbsp;<\/p>\n<h3><a title=\"Bushaltestelle der Tagespflegest\u00e4tte - Illusionsmalerei\" href=\"http:\/\/farbenengel.de\/?page_id=325\">Bushaltestelle der Tagespflegest\u00e4tte<img loading=\"lazy\" decoding=\"async\" class=\"alignright wp-image-319\" src=\"http:\/\/farbenengel.de\/wp-content\/uploads\/2013\/08\/bus5-199x300.jpg\" alt=\"Bushaltestelle - Illusionsmalerei\" width=\"150\" height=\"184\" \/><\/a><\/h3>\n<p>Projekt Bushaltestelle in der Tagespflegest\u00e4tte in Hamburg-Marmstorf<\/p>\n<p>&nbsp;<\/p>\n<p>&nbsp;<\/p>\n<p>&nbsp;<\/p>\n<h3><a title=\"Sylter Landschaft in Pflegebad\" href=\"http:\/\/farbenengel.de\/?page_id=336\">Sylter Landschaft in Pflegebad<img loading=\"lazy\" decoding=\"async\" class=\"alignright wp-image-333\" src=\"http:\/\/farbenengel.de\/wp-content\/uploads\/2013\/08\/Pflegebad-in-Sylter-Landschaft-300x225.jpg\" alt=\"Pflegebad-in-Sylter-Landschaft - Illusionsmalerei\" width=\"250\" height=\"184\" \/><\/a><\/h3>\n<p>Projekt Wellnessbad in der Ernst und Clare Jung Stiftung<\/p>\n<p>&nbsp;<\/p>\n<p>&nbsp;<\/p>\n<p>&nbsp;<\/p>\n<p>&nbsp;<\/p>\n<h3><a title=\"Die \u201cVerschwundene T\u00fcr\u201d - Glasmalerei\" href=\"http:\/\/farbenengel.de\/?page_id=350\">Die &#8222;Verschwundene T\u00fcr&#8220;<img loading=\"lazy\" decoding=\"async\" class=\"alignright wp-image-344\" src=\"http:\/\/farbenengel.de\/wp-content\/uploads\/2013\/08\/Fertigstellung.jpg\" alt=\"Glasaquarium\" width=\"250\" height=\"184\" \/><\/a><\/h3>\n<p>Glasmalerei auf der Geriatriestation im Alsterdorfer Krankenhaus<\/p>\n<p>&nbsp;<\/p>\n<p>&nbsp;<\/p>\n<h3><a title=\"Matthias-Claudius-Heim\" href=\"http:\/\/farbenengel.de\/?page_id=1698\">Matthias-Claudius-Heim\u00a0\u00a0<img loading=\"lazy\" decoding=\"async\" class=\"wp-image-1602 alignright\" src=\"http:\/\/farbenengel.de\/wp-content\/uploads\/2016\/08\/Projekt matthias-Claudius-HeimOrientierungshilfen f\u00fcr die Flure eines Pflegeheimes fertig2.JPG\" alt=\"Projekt matthias-Claudius-HeimOrientierungshilfen f\u00fcr die Flure eines Pflegeheimes fertig2\" width=\"195\" height=\"254\" \/><\/a><\/h3>\n<p>Wir wurden gebeten den Flur und die Toilette im Matthias-Claudius-Heim mit Bildern zu gestallten.<\/p>\n<p>&nbsp;<\/p>\n<p>&nbsp;<\/p>\n<p>&nbsp;<\/p>\n<h3><a title=\"Hamburgcollage - Illusionsmalerei\" href=\"http:\/\/farbenengel.de\/?page_id=372\">Hamburg-collage<\/a><a title=\"Hamburgcollage - Illusionsmalerei\" href=\"http:\/\/farbenengel.de\/?page_id=372\"><img loading=\"lazy\" decoding=\"async\" class=\"alignright wp-image-376\" src=\"http:\/\/farbenengel.de\/wp-content\/uploads\/2013\/08\/Hamburgcollage-300x225.jpg\" alt=\"Hamburgcollage - Illusionsmalerei\" width=\"250\" height=\"184\" \/><\/a><\/h3>\n<p>In einem Restaurant im VHW Pflegeheim Lokstedt habe ich ein gro\u00dfes Wandbild im Format 7m x 3m gemalt.<\/p>\n<p>&nbsp;<\/p>\n<p>&nbsp;<\/p>\n<h3><a title=\"VHW Farmsen Terrasse\" href=\"http:\/\/farbenengel.de\/?page_id=1706\">VHW Farmsen Terrasse<br \/>\n<img loading=\"lazy\" decoding=\"async\" class=\" wp-image-1599 alignright\" src=\"http:\/\/farbenengel.de\/wp-content\/uploads\/2016\/08\/Projekt VHW Farmsen fertig 2.JPG\" alt=\"Projekt VHW Farmsen fertig 2\" width=\"250\" height=\"189\" \/><\/a><\/h3>\n<p>Wir wurden gebeten die Wand im VHW Farmsen Neu zu gestallten.<\/p>\n<p>&nbsp;<\/p>\n<h3><a title=\"Hagenbeck im Pflegeheim - Illusionsmalerei\" href=\"http:\/\/farbenengel.de\/?page_id=391\">Hagenbeck in einem Pflegeheim<img loading=\"lazy\" decoding=\"async\" class=\"alignright wp-image-387\" src=\"http:\/\/farbenengel.de\/wp-content\/uploads\/2013\/08\/HagenbeckletztesBild-300x224.jpg\" alt=\"Hagenbeck als Illusionsmalerei im Pflegeheim\" width=\"250\" height=\"184\" \/><\/a><\/h3>\n<p>Illusionsmalerei zum Thema Hagenbecks Tierpark und Hamburger Wahrzeichen in einem Pflegeheim<\/p>\n<p>&nbsp;<\/p>\n<h3><a title=\"Wandbilder Alsterdorf\" href=\"http:\/\/farbenengel.de\/?page_id=1713\">Moderne Wandbilder Alsterdorf<br \/>\n<img loading=\"lazy\" decoding=\"async\" class=\" wp-image-1599 alignright\" src=\"http:\/\/farbenengel.de\/wp-content\/uploads\/2016\/08\/Wandbilder Alsterdorf T\u00fcrverklebung Fertig 1.JPG\" alt=\"Wandbilder Alsterdorf T\u00fcrverklebung Fertig 1\" width=\"250\" height=\"189\" \/><\/a><\/h3>\n<p>In Alsterdorf haben wir ein gro\u00dfes Bild des Hamburger Hafens an die Wand gebracht.<\/p>\n<p>&nbsp;<\/p>\n<h3><a title=\"Marmstorf Tagespflegest\u00e4tte\" href=\"http:\/\/farbenengel.de\/?page_id=1737\">Marmstorf Tagespflegest\u00e4tte<br \/>\n<img loading=\"lazy\" decoding=\"async\" class=\" wp-image-1599 alignright\" src=\"http:\/\/farbenengel.de\/wp-content\/uploads\/2016\/08\/Marmstorf Tagespflegest\u00e4tte Fertige Ecke.JPG\" alt=\"Marmstorf Tagespflegest\u00e4tte Fertige Ecke\" width=\"250\" height=\"189\" \/><\/a><\/h3>\n<p>Ich habe in Marmstorf den Flur der Tages Pflegest\u00e4tte neu gestaltet.<\/p>\n<p>&nbsp;<\/p>\n<h3><a title=\"H\u00f6lderlinstrasse\" href=\"http:\/\/farbenengel.de\/?page_id=1742\">H\u00f6lderlinstrasse<br \/>\n<img loading=\"lazy\" decoding=\"async\" class=\" wp-image-1599 alignright\" src=\"http:\/\/farbenengel.de\/wp-content\/uploads\/2016\/08\/H\u00f6lderlinstrasse_fertig.JPG\" alt=\"H\u00f6lderlinstrasse_fertig\" width=\"250\" height=\"189\" \/><\/a><\/h3>\n<p>T\u00fcrrahmen Versch\u00f6nerung in der H\u00f6lderlinstra\u00dfe.<\/p>\n<p>&nbsp;<\/p>\n<h3><a title=\"T\u00fcrverwandlung\" href=\"http:\/\/farbenengel.de\/?page_id=1748\">T\u00fcrverwandlung<br \/>\n<img loading=\"lazy\" decoding=\"async\" class=\" wp-image-1599 alignright\" src=\"http:\/\/farbenengel.de\/wp-content\/uploads\/2015\/11\/Nachher-Mohnbild2.jpg\" alt=\"T\u00fcrverwandlung_fertig\" width=\"250\" height=\"189\" \/><\/a><\/h3>\n<p>Gerne versch\u00f6nern auch wir Ihre T\u00fcren mit<br \/>\nsch\u00f6nen Bild-Motiven.<\/p>\n<\/div>\n","protected":false},"excerpt":{"rendered":"<p>Auf dieser Seite finden Sie einen \u00dcberblick \u00fcber meine letzten Projekte. Klicken Sie Sich doch mal durch und sehen, wie solche Kunstwerke entstehen! &nbsp; Mosaikmalerei &#8222;Es werde Licht&#8220; Hier sehen Sie die Entstehung des 3,00 x 3,50m gro\u00dfen gemalten Steinmosaiks. &hellip; <a href=\"https:\/\/farbenengel.de\/index.php\/projekte-illusionsmalerei-glasmalerei\/\">Weiterlesen <span class=\"meta-nav\">&rarr;<\/span><\/a><\/p>\n","protected":false},"author":1,"featured_media":0,"parent":0,"menu_order":0,"comment_status":"closed","ping_status":"open","template":"","meta":{"footnotes":""},"class_list":["post-112","page","type-page","status-publish","hentry"],"_links":{"self":[{"href":"https:\/\/farbenengel.de\/index.php\/wp-json\/wp\/v2\/pages\/112","targetHints":{"allow":["GET"]}}],"collection":[{"href":"https:\/\/farbenengel.de\/index.php\/wp-json\/wp\/v2\/pages"}],"about":[{"href":"https:\/\/farbenengel.de\/index.php\/wp-json\/wp\/v2\/types\/page"}],"author":[{"embeddable":true,"href":"https:\/\/farbenengel.de\/index.php\/wp-json\/wp\/v2\/users\/1"}],"replies":[{"embeddable":true,"href":"https:\/\/farbenengel.de\/index.php\/wp-json\/wp\/v2\/comments?post=112"}],"version-history":[{"count":25,"href":"https:\/\/farbenengel.de\/index.php\/wp-json\/wp\/v2\/pages\/112\/revisions"}],"predecessor-version":[{"id":2008,"href":"https:\/\/farbenengel.de\/index.php\/wp-json\/wp\/v2\/pages\/112\/revisions\/2008"}],"wp:attachment":[{"href":"https:\/\/farbenengel.de\/index.php\/wp-json\/wp\/v2\/media?parent=112"}],"curies":[{"name":"wp","href":"https:\/\/api.w.org\/{rel}","templated":true}]}}